{"id":10749,"date":"2024-02-23T10:25:18","date_gmt":"2024-02-23T09:25:18","guid":{"rendered":"https:\/\/www.flecarebull.com\/carrito\/"},"modified":"2024-05-20T09:18:25","modified_gmt":"2024-05-20T07:18:25","slug":"carrito","status":"publish","type":"page","link":"https:\/\/www.flecarebull.com\/es\/carrito\/","title":{"rendered":"Carrito"},"content":{"rendered":"<p>[et_pb_section][et_pb_row][et_pb_column type=\u00bb4_4&#8243;][et_pb_text]<\/p>\n\r\n<div data-block-name=\"woocommerce\/cart\" data-translated-with-w-p-m-l-t-m=\"1\" class=\"wp-block-woocommerce-cart alignwide is-loading\">\r\n<div data-block-name=\"woocommerce\/filled-cart-block\" data-translated-with-w-p-m-l-t-m=\"1\" class=\"wp-block-woocommerce-filled-cart-block\">\r\n<div data-block-name=\"woocommerce\/cart-items-block\" data-translated-with-w-p-m-l-t-m=\"1\" class=\"wp-block-woocommerce-cart-items-block\">\n<div data-block-name=\"woocommerce\/cart-line-items-block\" data-translated-with-w-p-m-l-t-m=\"1\" class=\"wp-block-woocommerce-cart-line-items-block\"> <\/div>\n\r\n\r\n\r\n<div data-block-name=\"woocommerce\/cart-cross-sells-block\" data-translated-with-w-p-m-l-t-m=\"1\" class=\"wp-block-woocommerce-cart-cross-sells-block\">&#13;\n<h2 class=\"wp-block-heading has-large-font-size\">Puede que te interese\u2026<\/h2>&#13;\n\r\n\r\n\n<div data-block-name=\"woocommerce\/cart-cross-sells-products-block\" data-translated-with-w-p-m-l-t-m=\"1\" class=\"wp-block-woocommerce-cart-cross-sells-products-block\"> <\/div>\n<\/div>\r\n<\/div>\r\n\r\n\r\n\r\n<div data-block-name=\"woocommerce\/cart-totals-block\" data-translated-with-w-p-m-l-t-m=\"1\" class=\"wp-block-woocommerce-cart-totals-block\">\r\n<div data-block-name=\"woocommerce\/cart-order-summary-block\" data-translated-with-w-p-m-l-t-m=\"1\" class=\"wp-block-woocommerce-cart-order-summary-block\">\n<div data-block-name=\"woocommerce\/cart-order-summary-heading-block\" data-translated-with-w-p-m-l-t-m=\"1\" class=\"wp-block-woocommerce-cart-order-summary-heading-block\"> <\/div>\n\r\n\r<div data-block-name=\"woocommerce\/cart-order-summary-coupon-form-block\" data-translated-with-w-p-m-l-t-m=\"1\" class=\"wp-block-woocommerce-cart-order-summary-coupon-form-block\"> <\/div>\n\r\n\r\n\r\n\r\n\r\n\r\n\r\n\r\n\r\n\r<div data-block-name=\"woocommerce\/cart-order-summary-totals-block\" class=\"wp-block-woocommerce-cart-order-summary-totals-block\">\n<div data-block-name=\"woocommerce\/cart-order-summary-subtotal-block\" data-translated-with-w-p-m-l-t-m=\"1\" class=\"wp-block-woocommerce-cart-order-summary-subtotal-block\"> <\/div>\n<div data-block-name=\"woocommerce\/cart-order-summary-discount-block\" data-translated-with-w-p-m-l-t-m=\"1\" class=\"wp-block-woocommerce-cart-order-summary-discount-block\"> <\/div>\n<div data-block-name=\"woocommerce\/cart-order-summary-fee-block\" data-translated-with-w-p-m-l-t-m=\"1\" class=\"wp-block-woocommerce-cart-order-summary-fee-block\"> <\/div>\n<div data-block-name=\"woocommerce\/cart-order-summary-shipping-block\" data-translated-with-w-p-m-l-t-m=\"1\" class=\"wp-block-woocommerce-cart-order-summary-shipping-block\"> <\/div>\n<div data-block-name=\"woocommerce\/cart-order-summary-taxes-block\" data-translated-with-w-p-m-l-t-m=\"1\" class=\"wp-block-woocommerce-cart-order-summary-taxes-block\"> <\/div><\/div>\n<\/div>\r\n\r\n\r\n\n<div data-block-name=\"woocommerce\/cart-express-payment-block\" data-translated-with-w-p-m-l-t-m=\"1\" class=\"wp-block-woocommerce-cart-express-payment-block\"> <\/div>\n\r\n\r\n\n<div data-block-name=\"woocommerce\/proceed-to-checkout-block\" data-translated-with-w-p-m-l-t-m=\"1\" class=\"wp-block-woocommerce-proceed-to-checkout-block\"> <\/div>\n\r\n\r\n\n<div data-block-name=\"woocommerce\/cart-accepted-payment-methods-block\" data-translated-with-w-p-m-l-t-m=\"1\" class=\"wp-block-woocommerce-cart-accepted-payment-methods-block\"> <\/div>\n<\/div>\r\n<\/div>\r\n\r\n\r\n\r\n<div data-block-name=\"woocommerce\/empty-cart-block\" data-translated-with-w-p-m-l-t-m=\"1\" class=\"wp-block-woocommerce-empty-cart-block\">&#13;\n<h2 class=\"wp-block-heading has-text-align-center with-empty-cart-icon wc-block-cart__empty-cart__title\">\u00a1T\u00fa carrito est\u00e1 actualmente vac\u00edo!<\/h2>&#13;\n\r\n\r\n<hr class=\"wp-block-separator has-alpha-channel-opacity is-style-dots\" \/>\r\n\r\n&#13;\n<h2 class=\"wp-block-heading has-text-align-center\">Nuevo en la tienda<\/h2>&#13;\n\r\n\r\n<div data-block-name=\"woocommerce\/product-new\" data-columns=\"4\" data-rows=\"1\" class=\"wc-block-grid wp-block-product-new wp-block-woocommerce-product-new wc-block-product-new has-4-columns\"><ul class=\"wc-block-grid__products\"><li class=\"wc-block-grid__product\">\n\t\t\t\t<a href=\"https:\/\/www.flecarebull.com\/es\/producto\/pan-de-coca-de-sorgo-copia-copia\/\" class=\"wc-block-grid__product-link\">\n\t\t\t\t\t\n\t\t\t\t\t<div class=\"wc-block-grid__product-image\"><img loading=\"lazy\" decoding=\"async\" width=\"300\" height=\"300\" src=\"https:\/\/i0.wp.com\/www.flecarebull.com\/wp-content\/uploads\/2025\/10\/coca-mitjana.jpeg?resize=300%2C300&amp;ssl=1\" class=\"attachment-woocommerce_thumbnail size-woocommerce_thumbnail\" alt=\"Pan de coca mediano de sorgo sin gluten\" srcset=\"https:\/\/i0.wp.com\/www.flecarebull.com\/wp-content\/uploads\/2025\/10\/coca-mitjana.jpeg?resize=150%2C150&amp;ssl=1 150w, https:\/\/i0.wp.com\/www.flecarebull.com\/wp-content\/uploads\/2025\/10\/coca-mitjana.jpeg?resize=300%2C300&amp;ssl=1 300w, https:\/\/i0.wp.com\/www.flecarebull.com\/wp-content\/uploads\/2025\/10\/coca-mitjana.jpeg?resize=100%2C100&amp;ssl=1 100w, https:\/\/i0.wp.com\/www.flecarebull.com\/wp-content\/uploads\/2025\/10\/coca-mitjana.jpeg?zoom=2&amp;resize=300%2C300&amp;ssl=1 600w, https:\/\/i0.wp.com\/www.flecarebull.com\/wp-content\/uploads\/2025\/10\/coca-mitjana.jpeg?zoom=3&amp;resize=300%2C300&amp;ssl=1 900w\" sizes=\"(max-width: 300px) 100vw, 300px\" \/><\/div>\n\t\t\t\t\t<div class=\"wc-block-grid__product-title\">Pan de coca mediano de sorgo sin gluten<\/div>\n\t\t\t\t<\/a>\n\t\t\t\t<div class=\"wc-block-grid__product-price price\"><span class=\"woocommerce-Price-amount amount\">2,80&nbsp;<span class=\"woocommerce-Price-currencySymbol\">&euro;<\/span><\/span><\/div>\n\t\t\t\t\n\t\t\t\t<div class=\"wp-block-button wc-block-grid__product-add-to-cart\"><a href=\"\/es\/wp-json\/wp\/v2\/pages\/10749?add-to-cart=12101\" aria-label=\"A\u00f1adir al carrito: &ldquo;Pan de coca mediano de sorgo sin gluten&rdquo;\" data-quantity=\"1\" data-product_id=\"12101\" data-product_sku=\"\" data-price=\"2.8\" rel=\"nofollow\" class=\"wp-block-button__link  add_to_cart_button ajax_add_to_cart\">A\u00f1adir al carrito<\/a><\/div>\n\t\t\t<\/li><li class=\"wc-block-grid__product\">\n\t\t\t\t<a href=\"https:\/\/www.flecarebull.com\/es\/producto\/pan-de-coca-de-sorgo-copia\/\" class=\"wc-block-grid__product-link\">\n\t\t\t\t\t\n\t\t\t\t\t<div class=\"wc-block-grid__product-image\"><img loading=\"lazy\" decoding=\"async\" width=\"300\" height=\"300\" src=\"https:\/\/i0.wp.com\/www.flecarebull.com\/wp-content\/uploads\/2025\/10\/coca-mini.jpeg?resize=300%2C300&amp;ssl=1\" class=\"attachment-woocommerce_thumbnail size-woocommerce_thumbnail\" alt=\"Pan de coca mini de sorgo sin gluten\" srcset=\"https:\/\/i0.wp.com\/www.flecarebull.com\/wp-content\/uploads\/2025\/10\/coca-mini.jpeg?resize=150%2C150&amp;ssl=1 150w, https:\/\/i0.wp.com\/www.flecarebull.com\/wp-content\/uploads\/2025\/10\/coca-mini.jpeg?resize=300%2C300&amp;ssl=1 300w, https:\/\/i0.wp.com\/www.flecarebull.com\/wp-content\/uploads\/2025\/10\/coca-mini.jpeg?resize=100%2C100&amp;ssl=1 100w, https:\/\/i0.wp.com\/www.flecarebull.com\/wp-content\/uploads\/2025\/10\/coca-mini.jpeg?zoom=2&amp;resize=300%2C300&amp;ssl=1 600w, https:\/\/i0.wp.com\/www.flecarebull.com\/wp-content\/uploads\/2025\/10\/coca-mini.jpeg?zoom=3&amp;resize=300%2C300&amp;ssl=1 900w\" sizes=\"(max-width: 300px) 100vw, 300px\" \/><\/div>\n\t\t\t\t\t<div class=\"wc-block-grid__product-title\">Pan de coca mini de sorgo sin gluten<\/div>\n\t\t\t\t<\/a>\n\t\t\t\t<div class=\"wc-block-grid__product-price price\"><span class=\"woocommerce-Price-amount amount\">2,20&nbsp;<span class=\"woocommerce-Price-currencySymbol\">&euro;<\/span><\/span><\/div>\n\t\t\t\t\n\t\t\t\t<div class=\"wp-block-button wc-block-grid__product-add-to-cart\"><a href=\"\/es\/wp-json\/wp\/v2\/pages\/10749?add-to-cart=12099\" aria-label=\"A\u00f1adir al carrito: &ldquo;Pan de coca mini de sorgo sin gluten&rdquo;\" data-quantity=\"1\" data-product_id=\"12099\" data-product_sku=\"\" data-price=\"2.2\" rel=\"nofollow\" class=\"wp-block-button__link  add_to_cart_button ajax_add_to_cart\">A\u00f1adir al carrito<\/a><\/div>\n\t\t\t<\/li><li class=\"wc-block-grid__product\">\n\t\t\t\t<a href=\"https:\/\/www.flecarebull.com\/es\/producto\/roscon-de-reyes-de-crema-copia\/\" class=\"wc-block-grid__product-link\">\n\t\t\t\t\t\n\t\t\t\t\t<div class=\"wc-block-grid__product-image\"><img loading=\"lazy\" decoding=\"async\" width=\"300\" height=\"300\" src=\"https:\/\/i0.wp.com\/www.flecarebull.com\/wp-content\/uploads\/2022\/12\/tortell-crema-fleca-rebull.jpg?resize=300%2C300&amp;ssl=1\" class=\"attachment-woocommerce_thumbnail size-woocommerce_thumbnail\" alt=\"Rosc\u00f3n de crema sin gluten\" srcset=\"https:\/\/i0.wp.com\/www.flecarebull.com\/wp-content\/uploads\/2022\/12\/tortell-crema-fleca-rebull.jpg?resize=150%2C150&amp;ssl=1 150w, https:\/\/i0.wp.com\/www.flecarebull.com\/wp-content\/uploads\/2022\/12\/tortell-crema-fleca-rebull.jpg?resize=300%2C300&amp;ssl=1 300w, https:\/\/i0.wp.com\/www.flecarebull.com\/wp-content\/uploads\/2022\/12\/tortell-crema-fleca-rebull.jpg?resize=100%2C100&amp;ssl=1 100w, https:\/\/i0.wp.com\/www.flecarebull.com\/wp-content\/uploads\/2022\/12\/tortell-crema-fleca-rebull.jpg?zoom=2&amp;resize=300%2C300&amp;ssl=1 600w\" sizes=\"(max-width: 300px) 100vw, 300px\" \/><\/div>\n\t\t\t\t\t<div class=\"wc-block-grid__product-title\">Rosc\u00f3n de crema sin gluten<\/div>\n\t\t\t\t<\/a>\n\t\t\t\t<div class=\"wc-block-grid__product-price price\"><span class=\"woocommerce-Price-amount amount\" aria-hidden=\"true\">30,00&nbsp;<span class=\"woocommerce-Price-currencySymbol\">&euro;<\/span><\/span> <span aria-hidden=\"true\">&#8211;<\/span> <span class=\"woocommerce-Price-amount amount\" aria-hidden=\"true\">42,00&nbsp;<span class=\"woocommerce-Price-currencySymbol\">&euro;<\/span><\/span><span class=\"screen-reader-text\">Rango de precios: desde 30,00&nbsp;&euro; hasta 42,00&nbsp;&euro;<\/span><\/div>\n\t\t\t\t\n\t\t\t\t<div class=\"wp-block-button wc-block-grid__product-add-to-cart\"><a href=\"https:\/\/www.flecarebull.com\/es\/producto\/roscon-de-reyes-de-crema-copia\/\" aria-label=\"Elige las opciones para &ldquo;Rosc\u00f3n de crema sin gluten&rdquo;\" data-quantity=\"1\" data-product_id=\"11749\" data-product_sku=\"\" data-price=\"30\" rel=\"nofollow\" class=\"wp-block-button__link  add_to_cart_button\">Seleccionar opciones<\/a><\/div>\n\t\t\t<\/li><li class=\"wc-block-grid__product\">\n\t\t\t\t<a href=\"https:\/\/www.flecarebull.com\/es\/producto\/roscon-de-reyes-de-mazapan-copia\/\" class=\"wc-block-grid__product-link\">\n\t\t\t\t\t\n\t\t\t\t\t<div class=\"wc-block-grid__product-image\"><img loading=\"lazy\" decoding=\"async\" width=\"300\" height=\"300\" src=\"https:\/\/i0.wp.com\/www.flecarebull.com\/wp-content\/uploads\/2025\/03\/Tortell-de-Reis.jpeg?resize=300%2C300&amp;ssl=1\" class=\"attachment-woocommerce_thumbnail size-woocommerce_thumbnail\" alt=\"Rosc\u00f3n de mazap\u00e1n sin gluten\" srcset=\"https:\/\/i0.wp.com\/www.flecarebull.com\/wp-content\/uploads\/2025\/03\/Tortell-de-Reis.jpeg?resize=150%2C150&amp;ssl=1 150w, https:\/\/i0.wp.com\/www.flecarebull.com\/wp-content\/uploads\/2025\/03\/Tortell-de-Reis.jpeg?resize=300%2C300&amp;ssl=1 300w, https:\/\/i0.wp.com\/www.flecarebull.com\/wp-content\/uploads\/2025\/03\/Tortell-de-Reis.jpeg?resize=100%2C100&amp;ssl=1 100w, https:\/\/i0.wp.com\/www.flecarebull.com\/wp-content\/uploads\/2025\/03\/Tortell-de-Reis.jpeg?zoom=2&amp;resize=300%2C300&amp;ssl=1 600w\" sizes=\"(max-width: 300px) 100vw, 300px\" \/><\/div>\n\t\t\t\t\t<div class=\"wc-block-grid__product-title\">Rosc\u00f3n de mazap\u00e1n sin gluten<\/div>\n\t\t\t\t<\/a>\n\t\t\t\t<div class=\"wc-block-grid__product-price price\"><span class=\"woocommerce-Price-amount amount\" aria-hidden=\"true\">28,30&nbsp;<span class=\"woocommerce-Price-currencySymbol\">&euro;<\/span><\/span> <span aria-hidden=\"true\">&#8211;<\/span> <span class=\"woocommerce-Price-amount amount\" aria-hidden=\"true\">40,80&nbsp;<span class=\"woocommerce-Price-currencySymbol\">&euro;<\/span><\/span><span class=\"screen-reader-text\">Rango de precios: desde 28,30&nbsp;&euro; hasta 40,80&nbsp;&euro;<\/span><\/div>\n\t\t\t\t\n\t\t\t\t<div class=\"wp-block-button wc-block-grid__product-add-to-cart\"><a href=\"https:\/\/www.flecarebull.com\/es\/producto\/roscon-de-reyes-de-mazapan-copia\/\" aria-label=\"Elige las opciones para &ldquo;Rosc\u00f3n de mazap\u00e1n sin gluten&rdquo;\" data-quantity=\"1\" data-product_id=\"11739\" data-product_sku=\"\" data-price=\"28.3\" rel=\"nofollow\" class=\"wp-block-button__link  add_to_cart_button\">Seleccionar opciones<\/a><\/div>\n\t\t\t<\/li><\/ul><\/div><\/div>\r\n<\/div>\r\n<p>[\/et_pb_text][\/et_pb_column][\/et_pb_row][\/et_pb_section]<\/p>\n","protected":false},"excerpt":{"rendered":"<p><div class=\"et_pb_section et_pb_section_0 et_section_regular\" >\n\t\t\t\t\n\t\t\t\t\n\t\t\t\t\n\t\t\t\t\n\t\t\t\t\n\t\t\t\t\n\t\t\t\t\n\t\t\t\t\n\t\t\t\t\n\t\t\t<\/div><div class=\"et_pb_row et_pb_row_0 et_pb_row_empty\">\n\t\t\t\t\n\t\t\t\t\n\t\t\t\t\n\t\t\t\t\n\t\t\t\t\n\t\t\t<\/div><div class=\"et_pb_module et_pb_text et_pb_text_0  et_pb_text_align_left et_pb_bg_layout_light\">\n\t\t\t\t\n\t\t\t\t\n\t\t\t\t\n\t\t\t\t\n\t\t\t\t\n\t\t\t<\/div> &#13; Puede que te interese\u2026&#13; &#13; \u00a1T\u00fa carrito est\u00e1 actualmente vac\u00edo!&#13; &#13; Nuevo en la tienda&#13;<\/p>\n","protected":false},"author":1,"featured_media":0,"parent":0,"menu_order":0,"comment_status":"closed","ping_status":"closed","template":"","meta":{"_et_pb_use_builder":"on","_et_pb_old_content":"","_et_gb_content_width":"","footnotes":""},"class_list":["post-10749","page","type-page","status-publish","hentry"],"jetpack_sharing_enabled":true,"_links":{"self":[{"href":"https:\/\/www.flecarebull.com\/es\/wp-json\/wp\/v2\/pages\/10749","targetHints":{"allow":["GET"]}}],"collection":[{"href":"https:\/\/www.flecarebull.com\/es\/wp-json\/wp\/v2\/pages"}],"about":[{"href":"https:\/\/www.flecarebull.com\/es\/wp-json\/wp\/v2\/types\/page"}],"author":[{"embeddable":true,"href":"https:\/\/www.flecarebull.com\/es\/wp-json\/wp\/v2\/users\/1"}],"replies":[{"embeddable":true,"href":"https:\/\/www.flecarebull.com\/es\/wp-json\/wp\/v2\/comments?post=10749"}],"version-history":[{"count":3,"href":"https:\/\/www.flecarebull.com\/es\/wp-json\/wp\/v2\/pages\/10749\/revisions"}],"predecessor-version":[{"id":10773,"href":"https:\/\/www.flecarebull.com\/es\/wp-json\/wp\/v2\/pages\/10749\/revisions\/10773"}],"wp:attachment":[{"href":"https:\/\/www.flecarebull.com\/es\/wp-json\/wp\/v2\/media?parent=10749"}],"curies":[{"name":"wp","href":"https:\/\/api.w.org\/{rel}","templated":true}]}}