{"id":10816,"date":"2023-01-25T13:40:49","date_gmt":"2023-01-25T12:40:49","guid":{"rendered":"https:\/\/www.flecarebull.com\/politica-de-cookies-ue\/"},"modified":"2024-05-14T10:09:34","modified_gmt":"2024-05-14T08:09:34","slug":"politica-de-cookies-ue","status":"publish","type":"page","link":"https:\/\/www.flecarebull.com\/es\/politica-de-cookies-ue\/","title":{"rendered":"Pol\u00edtica de cookies (UE)"},"content":{"rendered":"<p>[et_pb_section fb_built=\u00bb1&#8243; fullwidth=\u00bbon\u00bb _builder_version=\u00bb4.16&#8243; _module_preset=\u00bbdefault\u00bb background_image=\u00bbhttps:\/\/www.flecarebull.com\/wp-content\/uploads\/2021\/08\/rebullMesa-de-trabajo-1.jpg\u00bb global_colors_info=\u00bb{}\u00bb][et_pb_fullwidth_header title=\u00bbPol\u00edtica de cookies\u00bb _builder_version=\u00bb4.19.0&#8243; _module_preset=\u00bbdefault\u00bb title_font_size=\u00bb38px\u00bb background_color=\u00bbRGBA(255,255,255,0)\u00bb min_height=\u00bb175px\u00bb custom_margin=\u00bb2px||||false|false\u00bb hover_enabled=\u00bb0&#8243; global_colors_info=\u00bb{}\u00bb sticky_enabled=\u00bb0&#8243;][\/et_pb_fullwidth_header][\/et_pb_section][et_pb_section fb_built=\u00bb1&#8243; _builder_version=\u00bb4.16&#8243; _module_preset=\u00bbdefault\u00bb global_colors_info=\u00bb{}\u00bb][et_pb_row _builder_version=\u00bb4.16&#8243; _module_preset=\u00bbdefault\u00bb global_colors_info=\u00bb{}\u00bb][et_pb_column type=\u00bb4_4&#8243; _builder_version=\u00bb4.16&#8243; _module_preset=\u00bbdefault\u00bb global_colors_info=\u00bb{}\u00bb][et_pb_text _builder_version=\u00bb4.19.0&#8243; _module_preset=\u00bbdefault\u00bb hover_enabled=\u00bb0&#8243; global_colors_info=\u00bb{}\u00bb sticky_enabled=\u00bb0&#8243;]<\/p>\n<p><strong>Pol\u00edtica de cookies<\/strong><\/p>\n<p>Nuestro sitio web utiliza una tecnolog\u00eda llamada \u00abcookie\u00bb, con el fin de poder obtener informaci\u00f3n sobre el uso del sitio web, mejorar la experiencia del usuario y garantizar su correcto funcionamiento.<\/p>\n<p><strong>Definici\u00f3n de Cookie<\/strong><\/p>\n<p>Una cookie es un peque\u00f1o fragmento de texto que los sitios web env\u00edan al navegador y que se almacenan en el terminal del usuario, (ordenador o dispositivo m\u00f3vil). Estos archivos tienen la finalidad de almacenar datos que podr\u00e1n ser actualizados y recuperados por la entidad responsable de su instalaci\u00f3n. As\u00ed, cada vez que el usuario vuelve a visitar el mismo sitio web, el explorador recupera el archivo y lo env\u00eda al servidor del sitio web. Las cookies tienen varias funciones entre las que se incluyen, la de recoger informaci\u00f3n sobre las preferencias del usuario y recordarla, y en general, facilitar el uso del sitio web al usuario haciendo que el sitio sea m\u00e1s \u00fatil al personalizar su contenido.<\/p>\n<p>Las cookies se pueden clasificar en base a distintos par\u00e1metros:<\/p>\n<ul>\n<li>1.- <strong>Titularidad:<\/strong> cookies propias y cookies de terceros: dependiendo de cu\u00e1l sea la entidad que gestione el dominio desde donde se env\u00eden las cookies y se traten las datos que se obtengan.<\/li>\n<li>2.- <strong>Duraci\u00f3n:<\/strong> cookies de sesi\u00f3n y cookies persistentes: de acuerdo con el plazo de tiempo que permanecen almacenadas en el terminal del usuario.<\/li>\n<li>3.- <strong>Finalidad:<\/strong> cookies t\u00e9cnicas, cookies de personalizaci\u00f3n, cookies de an\u00e1lisis, cookies publicitarias, cookies de publicidad comportamental: de acuerdo con la finalidad para la que se traten las datos obtenidas.<\/li>\n<\/ul>\n<p><strong>Cookies t\u00e9cnicas:<\/strong> Son aqu\u00e9llas que permiten al usuario la navegaci\u00f3n a trav\u00e9s de la p\u00e1gina web o aplicaci\u00f3n y la utilizaci\u00f3n de las diferentes opciones o servicios que en ella existen. Por ejemplo, controlar el tr\u00e1fico y la comunicaci\u00f3n de datos, identificar la sesi\u00f3n o acceder a las partes web de acceso restringido.<\/p>\n<p><strong>Cookies de personalizaci\u00f3n:<\/strong> Son aquellas que permiten al usuario acceder al servicio con algunas caracter\u00edsticas de car\u00e1cter general predefinidas en su terminal o que el propio usuario defina. Por ejemplo, el idioma, el tipo de navegador a trav\u00e9s del cual accede al servicio o dise\u00f1o de contenidos seleccionado.<\/p>\n<p><strong>Cookies de an\u00e1lisis:<\/strong> Son aquellas que o bien tratadas por nosotros o por terceros, nos permiten cuantificar el n\u00famero de usuarios y as\u00ed realizar la an\u00e1lisis estad\u00edstico de la utilizaci\u00f3n que realizan los usuarios del servicio ofrecido. Por eso se analiza su navegaci\u00f3n en nuestra p\u00e1gina web para mejorar la oferta de productos o servicios que le ofrecemos.<\/p>\n<p><strong>Cookies publicitarias:<\/strong>  Son aquellas que permiten la gesti\u00f3n, de la forma m\u00e1s eficaz posible, de los espacios publicitarios que, en su caso, el editor haya incluido en una p\u00e1gina web, aplicaci\u00f3n o plataforma desde la que presta el servicio solicitado sobre la misma base de criterios como el contenido editado o la frecuencia en la que se muestran los anuncios.<\/p>\n<p><strong>Cookies de publicidad comportamental:<\/strong> Son aquellas que permiten la gesti\u00f3n, de la forma m\u00e1s eficaz posible, de los espacios publicitarios que, en su caso, el editor haya incluido en una p\u00e1gina web, aplicaci\u00f3n o plataforma desde la que presta el servicio solicitado. Estas cookies almacenan informaci\u00f3n del comportamiento de los usuarios obtenida a trav\u00e9s de la observaci\u00f3n continua de sus h\u00e1bitos de navegaci\u00f3n, lo que permite desarrollar un perfil espec\u00edfico para mostrar publicidad en funci\u00f3n del mismo.<\/p>\n<p>Cookies utilizadas en nuestro sitio web<\/p>\n<p>Nuestro sitio web utiliza tanto cookies propias, que son las enviadas a su ordenador y gestionadas exclusivamente por nosotros para el mejor funcionamiento del sitio web, como cookies de terceros, con la funci\u00f3n de servir para la interacci\u00f3n de los usuarios con nosotros.<\/p>\n<p>Nuestro sitio web utiliza tanto cookies temporales de sesi\u00f3n como cookies persistentes. Las cookies de sesi\u00f3n almacenan datos \u00fanicamente mientras el usuario accede a la web y las cookies persistentes almacenan las datos en el terminal para que sean accedidas y utilizadas en m\u00e1s de una sesi\u00f3n.<\/p>\n<p>Concretamente, las cookies que precisan de consentimiento utilizadas en nuestro sitio web son:<\/p>\n<table width=\"100%\" cellpadding=\"7\" cellspacing=\"0\">\n<tbody>\n<tr>\n<td width=\"20%\" valign=\"top\" bgcolor=\"#000080\" style=\"background: #000080;\">\n<p lang=\"ca-ES\" class=\"western\" align=\"center\"><span style=\"color: #bd9c60;\"><span style=\"font-family: Open Sans, sans-serif;\"><span style=\"font-size: medium;\"><b>N\u00famero<\/b><\/span><\/span><\/span><\/p>\n<\/td>\n<td width=\"18%\" bgcolor=\"#000080\" style=\"background: #000080;\">\n<p lang=\"ca-ES\" class=\"western\" align=\"center\"><span style=\"color: #bd9c60;\"><span style=\"font-family: Open Sans, sans-serif;\"><span style=\"font-size: medium;\"><b>Titular<\/b><\/span><\/span><\/span><\/p>\n<\/td>\n<td width=\"37%\" valign=\"top\" bgcolor=\"#000080\" style=\"background: #000080;\">\n<p lang=\"ca-ES\" class=\"western\" align=\"center\"><span style=\"color: #bd9c60;\"><span style=\"font-family: Open Sans, sans-serif;\"><span style=\"font-size: medium;\"><b>Finalidad<\/b><\/span><\/span><\/span><\/p>\n<\/td>\n<td width=\"24%\" valign=\"top\" bgcolor=\"#000080\" style=\"background: #000080;\">\n<p lang=\"ca-ES\" class=\"western\" align=\"center\"><span style=\"color: #bd9c60;\"><span style=\"font-family: Open Sans, sans-serif;\"><span style=\"font-size: medium;\"><b>Duraci\u00f3n<\/b><\/span><\/span><\/span><\/p>\n<\/td>\n<\/tr>\n<tr>\n<td width=\"20%\" height=\"23\">\n<p>_ga<\/p>\n<p>_gid<\/p>\n<p>_gat_gtag<\/p>\n<\/td>\n<td width=\"18%\">\n<p lang=\"ca-ES\" class=\"western\" align=\"center\">www.flecarebull.com<\/p>\n<\/td>\n<td width=\"37%\">\n<p>Anal\u00edticas:<\/p>\n<ul>\n<li>Generar un identificador de usuario \u00fanico, que es el que se utiliza para hacer recuento de cu\u00e1ntas veces visita el sitio un usuario, as\u00ed como la fecha de la primera y \u00faltima vez que visit\u00f3 la web.<\/li>\n<li>Registrar la fecha y hora de acceso.<\/li>\n<li>Comprobar la necesidad de mantener la sesi\u00f3n de un usuario abierta o crear una nueva.<\/li>\n<li>Identificar la sesi\u00f3n del usuario para recoger la ubicaci\u00f3n geogr\u00e1fica aproximada del ordenador que accede a la web con efectos estad\u00edsticos.<\/li>\n<li>M\u00e1s info: Google LLC. (Google Analytics)<\/li>\n<\/ul>\n<\/td>\n<td width=\"24%\">\n<p>_ga: 2 a\u00f1os<\/p>\n<p>_gid: 24 horas<\/p>\n<p>_gat_gtag: 2 minutos<\/p>\n<\/td>\n<\/tr>\n<\/tbody>\n<\/table>\n<p>Para obtener m\u00e1s informaci\u00f3n sobre las cookies de este tercero puede pulsar sobre el enlace que hay en su n\u00famero.<\/p>\n<p>Por \u00faltimo, tambi\u00e9n se utilizan cookies de complemento (plug-in) para intercambiar contenidos sociales.<\/p>\n<p><strong>Consentimiento<\/strong><\/p>\n<p>El consentimiento para el uso de las cookies antes enunciadas, por los plazos se\u00f1alados y en las condiciones contenidas en la presente Pol\u00edtica de Cookies, se obtendr\u00e1 con la aceptaci\u00f3n del aviso inicial de informaci\u00f3n sobre las cookies que se visualizan en el momento en que carga nuestra web.<\/p>\n<p><strong>Retirada del consentimiento<\/strong><\/p>\n<p>El usuario podr\u00e1 retirar en cualquier momento su consentimiento relacionado con esta Pol\u00edtica de Cookies, por lo que deber\u00e1 eliminar las cookies almacenadas en su equipo utilizando los ajustes y configuraciones del navegador de Internet.<\/p>\n<p><strong>\u00bfC\u00f3mo deshabilitar las cookies en los principales navegadores?<\/strong><\/p>\n<p>Aunque puede variar ligeramente de una versi\u00f3 de navegador a otra, la configuraci\u00f3n de la pol\u00edtica de cookies para los navegadores m\u00e1s utilizados es la siguiente:<\/p>\n<ul>\n<li>Internet Explorer: Herramientas -&gt; Opciones de Internet -&gt; Privacidad -&gt; Configuraci\u00f3n.<\/li>\n<li>Firefox: Herramientas -&gt; Opciones -&gt; Privacidad -&gt; Hist\u00f3rico -&gt; Configuraci\u00f3n Personalizada.<\/li>\n<li>Chrome: Configuraci\u00f3n -&gt; Mostrar opciones avanzadas -&gt; Privacidad -&gt; Configuraci\u00f3n de contenido.<\/li>\n<li>Safari: Preferencias -&gt; Seguridad.<\/li>\n<li>Opera: Configuraci\u00f3n -&gt; Privacidad y seguridad.<\/li>\n<li>Para m\u00e1s informaci\u00f3n, puede consultar el soporte o ayuda del navegador oa trav\u00e9s de los siguientes enlaces: Safari, Chrome, Firefox, Explorer, Opera.<\/li>\n<\/ul>\n<p>Adem\u00e1s, tambi\u00e9n puede gestionar el almacenamiento de cookies en su navegador a trav\u00e9s de herramientas como las siguientes:<\/p>\n<ul>\n<li>Your online choices<\/li>\n<li>Ghostery<\/li>\n<\/ul>\n<p><strong>Actualizaci\u00f3n de la pol\u00edtica de cookies<\/strong><\/p>\n<p>Este sitio web puede modificar esta Pol\u00edtica sobre Cookies, por eso le recomendamos revisar esta pol\u00edtica cada vez que acceda a nuestro sitio web para estar adecuadamente informado sobre el uso que hacemos de las cookies.<\/p>\n<p lang=\"ca-ES\" class=\"western\" align=\"justify\"><span style=\"font-size: small; font-family: 'Open Sans', sans-serif; color: #bd9c60;\">22\/02\/2022<\/span><\/p>\n<p>[\/et_pb_text][\/et_pb_column][\/et_pb_row][\/et_pb_section]<\/p>\n","protected":false},"excerpt":{"rendered":"<p>Pol\u00edtica de cookies Nuestro sitio web utiliza una tecnolog\u00eda llamada \u00abcookie\u00bb, con el fin de poder obtener informaci\u00f3n sobre el uso del sitio web, mejorar la experiencia del usuario y garantizar su correcto funcionamiento. Definici\u00f3n de Cookie Una cookie es un peque\u00f1o fragmento de texto que los sitios web env\u00edan al navegador y que se [&hellip;]<\/p>\n","protected":false},"author":1,"featured_media":0,"parent":0,"menu_order":0,"comment_status":"closed","ping_status":"closed","template":"","meta":{"_et_pb_use_builder":"on","_et_pb_old_content":"","_et_gb_content_width":"","footnotes":""},"class_list":["post-10816","page","type-page","status-publish","hentry"],"jetpack_sharing_enabled":true,"_links":{"self":[{"href":"https:\/\/www.flecarebull.com\/es\/wp-json\/wp\/v2\/pages\/10816","targetHints":{"allow":["GET"]}}],"collection":[{"href":"https:\/\/www.flecarebull.com\/es\/wp-json\/wp\/v2\/pages"}],"about":[{"href":"https:\/\/www.flecarebull.com\/es\/wp-json\/wp\/v2\/types\/page"}],"author":[{"embeddable":true,"href":"https:\/\/www.flecarebull.com\/es\/wp-json\/wp\/v2\/users\/1"}],"replies":[{"embeddable":true,"href":"https:\/\/www.flecarebull.com\/es\/wp-json\/wp\/v2\/comments?post=10816"}],"version-history":[{"count":2,"href":"https:\/\/www.flecarebull.com\/es\/wp-json\/wp\/v2\/pages\/10816\/revisions"}],"predecessor-version":[{"id":10818,"href":"https:\/\/www.flecarebull.com\/es\/wp-json\/wp\/v2\/pages\/10816\/revisions\/10818"}],"wp:attachment":[{"href":"https:\/\/www.flecarebull.com\/es\/wp-json\/wp\/v2\/media?parent=10816"}],"curies":[{"name":"wp","href":"https:\/\/api.w.org\/{rel}","templated":true}]}}