{"id":10745,"date":"2024-04-18T15:28:11","date_gmt":"2024-04-18T13:28:11","guid":{"rendered":"https:\/\/www.flecarebull.com\/producto\/crujiente-de-semillas\/"},"modified":"2024-05-14T10:23:10","modified_gmt":"2024-05-14T08:23:10","slug":"crujiente-de-semillas","status":"publish","type":"product","link":"https:\/\/www.flecarebull.com\/es\/producto\/crujiente-de-semillas\/","title":{"rendered":"Crujiente de semillas"},"content":{"rendered":"<p>INGREDIENTES: mezcla de semillas (lino dorado y marr\u00f3n, s\u00e9samo, semillas de calabaza, pipas de girasol, amapola y chia), agua y maltodextrina de tapioca.<br \/>\nAL\u00c9RGENOS: puede contener s\u00e9samo y huevo.<\/p>\n<p>CONSUMIR PREFERENTEMENTE: Antes de 2 d\u00edas.<\/p>\n<div class=\"woocommerce-tabs wc-tabs-wrapper\">\n<div id=\"tab-description\" class=\"woocommerce-Tabs-panel woocommerce-Tabs-panel--description panel entry-content wc-tab\" role=\"tabpanel\" aria-labelledby=\"tab-title-description\">\n<p>OBSERVACIONES: Se recomienda guardar en lugar fresco, seco y cerrado.<\/p>\n<\/div>\n<\/div>\n<p>&nbsp;<\/p>\n","protected":false},"excerpt":{"rendered":"<p>INGREDIENTES: mezcla de semillas (lino dorado y marr\u00f3n, s\u00e9samo, semillas de calabaza, pipas de girasol, amapola y chia), agua y maltodextrina de tapioca. AL\u00c9RGENOS: puede contener s\u00e9samo y huevo. CONSUMIR PREFERENTEMENTE: Antes de 2 d\u00edas. OBSERVACIONES: Se recomienda guardar en lugar fresco, seco y cerrado. &nbsp;<\/p>\n","protected":false},"featured_media":10741,"comment_status":"open","ping_status":"closed","template":"","meta":{"_et_pb_use_builder":"","_et_pb_old_content":"","_et_gb_content_width":""},"product_brand":[],"product_cat":[195],"product_tag":[],"class_list":{"0":"post-10745","1":"product","2":"type-product","3":"status-publish","4":"has-post-thumbnail","6":"product_cat-pan-sin-gluten-es","8":"first","9":"outofstock","10":"taxable","11":"shipping-taxable","12":"purchasable","13":"product-type-simple"},"jetpack_sharing_enabled":true,"_links":{"self":[{"href":"https:\/\/www.flecarebull.com\/es\/wp-json\/wp\/v2\/product\/10745","targetHints":{"allow":["GET"]}}],"collection":[{"href":"https:\/\/www.flecarebull.com\/es\/wp-json\/wp\/v2\/product"}],"about":[{"href":"https:\/\/www.flecarebull.com\/es\/wp-json\/wp\/v2\/types\/product"}],"replies":[{"embeddable":true,"href":"https:\/\/www.flecarebull.com\/es\/wp-json\/wp\/v2\/comments?post=10745"}],"wp:featuredmedia":[{"embeddable":true,"href":"https:\/\/www.flecarebull.com\/es\/wp-json\/wp\/v2\/media\/10741"}],"wp:attachment":[{"href":"https:\/\/www.flecarebull.com\/es\/wp-json\/wp\/v2\/media?parent=10745"}],"wp:term":[{"taxonomy":"product_brand","embeddable":true,"href":"https:\/\/www.flecarebull.com\/es\/wp-json\/wp\/v2\/product_brand?post=10745"},{"taxonomy":"product_cat","embeddable":true,"href":"https:\/\/www.flecarebull.com\/es\/wp-json\/wp\/v2\/product_cat?post=10745"},{"taxonomy":"product_tag","embeddable":true,"href":"https:\/\/www.flecarebull.com\/es\/wp-json\/wp\/v2\/product_tag?post=10745"}],"curies":[{"name":"wp","href":"https:\/\/api.w.org\/{rel}","templated":true}]}}