{"id":10926,"date":"2022-03-08T10:19:27","date_gmt":"2022-03-08T09:19:27","guid":{"rendered":"https:\/\/www.flecarebull.com\/producto\/redondo-de-quinoa-sin-gluten\/"},"modified":"2024-05-15T08:14:53","modified_gmt":"2024-05-15T06:14:53","slug":"redondo-de-quinoa-sin-gluten","status":"publish","type":"product","link":"https:\/\/www.flecarebull.com\/es\/producto\/redondo-de-quinoa-sin-gluten\/","title":{"rendered":"Redondo de quinoa sin gluten"},"content":{"rendered":"<p>INGREDIENTES: Agua, harina de quinoa, almid\u00f3n de tapioca, psyllium, goma xantana, impulsor, prote\u00edna de patata, levadura, sal y aceite.<\/p>\n<p>AL\u00c9RGENOS: Puede contener trazas de huevo, frutos secos y s\u00e9samo.<\/p>\n<p>CONSUMIR PREFERENTEMENTE: Antes de 2 d\u00edas.<\/p>\n<p>PESO APROXIMADO: 400g<\/p>\n<p>OBSERVACIONES:<br \/>\n&#8211; Todos los panes llevan 20g\/kg de sal.<br \/>\n&#8211; La quinoa tiene un gran valor nutricional, alto contenido en amino\u00e1cidos y es rica en calcio y f\u00f3sforo.<br \/>\n&#8211; Se recomienda guardar en lugar fresco, seco y cerrado.<\/p>\n","protected":false},"excerpt":{"rendered":"<p>INGREDIENTES: Agua, harina de quinoa, almid\u00f3n de tapioca, psyllium, goma xantana, impulsor, prote\u00edna de patata, levadura, sal y aceite. AL\u00c9RGENOS: Puede contener trazas de huevo, frutos secos y s\u00e9samo. CONSUMIR PREFERENTEMENTE: Antes de 2 d\u00edas. PESO APROXIMADO: 400g OBSERVACIONES: &#8211; Todos los panes llevan 20g\/kg de sal. &#8211; La quinoa tiene un gran valor nutricional, [&hellip;]<\/p>\n","protected":false},"featured_media":10581,"comment_status":"open","ping_status":"closed","template":"","meta":{"_et_pb_use_builder":"","_et_pb_old_content":"","_et_gb_content_width":""},"product_brand":[],"product_cat":[195],"product_tag":[],"class_list":{"0":"post-10926","1":"product","2":"type-product","3":"status-publish","4":"has-post-thumbnail","6":"product_cat-pan-sin-gluten-es","8":"first","9":"outofstock","10":"taxable","11":"shipping-taxable","12":"purchasable","13":"product-type-variable"},"jetpack_sharing_enabled":true,"_links":{"self":[{"href":"https:\/\/www.flecarebull.com\/es\/wp-json\/wp\/v2\/product\/10926","targetHints":{"allow":["GET"]}}],"collection":[{"href":"https:\/\/www.flecarebull.com\/es\/wp-json\/wp\/v2\/product"}],"about":[{"href":"https:\/\/www.flecarebull.com\/es\/wp-json\/wp\/v2\/types\/product"}],"replies":[{"embeddable":true,"href":"https:\/\/www.flecarebull.com\/es\/wp-json\/wp\/v2\/comments?post=10926"}],"wp:featuredmedia":[{"embeddable":true,"href":"https:\/\/www.flecarebull.com\/es\/wp-json\/wp\/v2\/media\/10581"}],"wp:attachment":[{"href":"https:\/\/www.flecarebull.com\/es\/wp-json\/wp\/v2\/media?parent=10926"}],"wp:term":[{"taxonomy":"product_brand","embeddable":true,"href":"https:\/\/www.flecarebull.com\/es\/wp-json\/wp\/v2\/product_brand?post=10926"},{"taxonomy":"product_cat","embeddable":true,"href":"https:\/\/www.flecarebull.com\/es\/wp-json\/wp\/v2\/product_cat?post=10926"},{"taxonomy":"product_tag","embeddable":true,"href":"https:\/\/www.flecarebull.com\/es\/wp-json\/wp\/v2\/product_tag?post=10926"}],"curies":[{"name":"wp","href":"https:\/\/api.w.org\/{rel}","templated":true}]}}