{"id":11308,"date":"2024-08-30T11:51:30","date_gmt":"2024-08-30T09:51:30","guid":{"rendered":"https:\/\/www.flecarebull.com\/?post_type=product&#038;p=11308"},"modified":"2024-09-02T09:12:57","modified_gmt":"2024-09-02T07:12:57","slug":"chapata-de-teff-copia","status":"publish","type":"product","link":"https:\/\/www.flecarebull.com\/es\/producto\/chapata-de-teff-copia\/","title":{"rendered":"Molde de teff sin gluten"},"content":{"rendered":"<p>INGREDIENTES: Harina de teff, agua, levadura, aceite de girasol, almid\u00f3n de ma\u00edz, espesante (goma chantana) y sal AL\u00c9RGENOS: Puede contener trazas de frutos secos, s\u00e9samo y huevo. CONSUMIR PREFERENTEMENTE: Antes de 4 d\u00edas. PES APROXIMADO: 400g OBSERVACIONES: &#8211; Todos los panes llevan 20g\/kg de sal. &#8211; Se recomienda guardar en lugar fresco, seco y cerrado.<\/p>\n","protected":false},"excerpt":{"rendered":"<p>INGREDIENTES: Harina de teff, agua, levadura, aceite de girasol, almid\u00f3n de ma\u00edz, espesante (goma chantana) y sal AL\u00c9RGENOS: Puede contener trazas de frutos secos, s\u00e9samo y huevo. CONSUMIR PREFERENTEMENTE: Antes de 4 d\u00edas. PES APROXIMADO: 400g OBSERVACIONES: &#8211; Todos los panes llevan 20g\/kg de sal. &#8211; Se recomienda guardar en lugar fresco, seco y cerrado.<\/p>\n","protected":false},"featured_media":11317,"comment_status":"open","ping_status":"closed","template":"","meta":{"_et_pb_use_builder":"on","_et_pb_old_content":"","_et_gb_content_width":""},"product_brand":[],"product_cat":[201,195],"product_tag":[],"class_list":{"0":"post-11308","1":"product","2":"type-product","3":"status-publish","4":"has-post-thumbnail","6":"product_cat-formatos-para-bocadillos-1","7":"product_cat-pan-sin-gluten-es","9":"first","10":"outofstock","11":"taxable","12":"shipping-taxable","13":"purchasable","14":"product-type-variable"},"jetpack_sharing_enabled":true,"_links":{"self":[{"href":"https:\/\/www.flecarebull.com\/es\/wp-json\/wp\/v2\/product\/11308","targetHints":{"allow":["GET"]}}],"collection":[{"href":"https:\/\/www.flecarebull.com\/es\/wp-json\/wp\/v2\/product"}],"about":[{"href":"https:\/\/www.flecarebull.com\/es\/wp-json\/wp\/v2\/types\/product"}],"replies":[{"embeddable":true,"href":"https:\/\/www.flecarebull.com\/es\/wp-json\/wp\/v2\/comments?post=11308"}],"wp:featuredmedia":[{"embeddable":true,"href":"https:\/\/www.flecarebull.com\/es\/wp-json\/wp\/v2\/media\/11317"}],"wp:attachment":[{"href":"https:\/\/www.flecarebull.com\/es\/wp-json\/wp\/v2\/media?parent=11308"}],"wp:term":[{"taxonomy":"product_brand","embeddable":true,"href":"https:\/\/www.flecarebull.com\/es\/wp-json\/wp\/v2\/product_brand?post=11308"},{"taxonomy":"product_cat","embeddable":true,"href":"https:\/\/www.flecarebull.com\/es\/wp-json\/wp\/v2\/product_cat?post=11308"},{"taxonomy":"product_tag","embeddable":true,"href":"https:\/\/www.flecarebull.com\/es\/wp-json\/wp\/v2\/product_tag?post=11308"}],"curies":[{"name":"wp","href":"https:\/\/api.w.org\/{rel}","templated":true}]}}